{"id":9,"date":"2018-06-16T22:31:17","date_gmt":"2018-06-16T21:31:17","guid":{"rendered":"http:\/\/www.hanesmon.org.uk\/Test\/?page_id=9"},"modified":"2025-08-29T16:28:07","modified_gmt":"2025-08-29T15:28:07","slug":"home","status":"publish","type":"page","link":"https:\/\/www.hanesmon.org.uk\/aaswp\/","title":{"rendered":"Home"},"content":{"rendered":"\n<h2 class=\"wp-block-heading has-text-align-center\">Welcome to the Anglesey Antiquarian Society website<br><em>Croeso i wefan Cymdeithas Hynafiaethwyr M\u00f4n<\/em><\/h2>\n\n\n<div class=\"wp-block-image\">\n<figure class=\"aligncenter size-full\"><img loading=\"lazy\" decoding=\"async\" width=\"166\" height=\"160\" src=\"https:\/\/www.hanesmon.org.uk\/aaswp\/wp-content\/uploads\/SiteImages\/splash.jpg\" alt=\"\" class=\"wp-image-148\"\/><\/figure><\/div>\n\n\n<p>Founded in 1911, we are the leading historical and prehistorical group on Ynys M\u00f4n, promoting and protecting the past on behalf of Anglesey\u2019s future. Our members enjoy a programme of guided <a href=\"https:\/\/www.hanesmon.org.uk\/aaswp\/excursions-2024\/\" data-type=\"page\" data-id=\"2076\">walks<\/a> during the summer and evening <a href=\"https:\/\/www.hanesmon.org.uk\/aaswp\/meetings-2023-24\/\" data-type=\"page\" data-id=\"1940\">talks<\/a> during the winter. A <a href=\"https:\/\/www.hanesmon.org.uk\/aaswp\/newsletter\/\" data-type=\"page\" data-id=\"21\">newsletter<\/a> is published twice a year and the highly regarded <a href=\"https:\/\/www.hanesmon.org.uk\/aaswp\/transactions\/\" data-type=\"page\" data-id=\"75\">Transactions<\/a>, full of new research on the history of the island, has been published every year since 1913. We have also published a number of <a href=\"https:\/\/www.hanesmon.org.uk\/aaswp\/studies-in-anglesey-history\/\" data-type=\"page\" data-id=\"186\">books<\/a>.<br>More details on membership at: <a href=\"https:\/\/www.hanesmon.org.uk\/aaswp\/membership\/\">https:\/\/www.hanesmon.org.uk\/aaswp\/membership\/<\/a><\/p>\n\n\n\n<p><em>Wedi\u2019i sefydlu yn 1911, ni yw\u2019r gr\u0175p hanesyddol a chynhanesyddol mwyaf blaenllaw ar Ynys M\u00f4n, yn hyrwyddo ac yn gwarchod y gorffennol ar ran dyfodol M\u00f4n. Mae ein haelodau\u2019n mwynhau rhaglen o deithiau <a href=\"https:\/\/www.hanesmon.org.uk\/aaswp\/excursions-2024\/\">cerdded tywysedig<\/a> yn ystod yr haf a <a href=\"https:\/\/www.hanesmon.org.uk\/aaswp\/meetings-2023-24\/\">sgyrsiau<\/a> gyda\u2019r nos yn ystod y gaeaf. Cyhoeddir <a href=\"https:\/\/www.hanesmon.org.uk\/aaswp\/newsletter\/\">cylchlythyr<\/a> ddwywaith y flwyddyn ac mae\u2019r <a href=\"https:\/\/www.hanesmon.org.uk\/aaswp\/transactions\/\">Trafodion<\/a> uchel ei barch, sy\u2019n llawn ymchwil newydd ar hanes yr ynys, wedi\u2019i gyhoeddi bob blwyddyn ers 1913. Rydym hefyd wedi cyhoeddi nifer o <a href=\"https:\/\/www.hanesmon.org.uk\/aaswp\/studies-in-anglesey-history\/\" data-type=\"page\" data-id=\"186\">lyfrau<\/a>.<br>Mwy o fanylion am aelodaeth yn: <a href=\"https:\/\/www.hanesmon.org.uk\/aaswp\/aelodaeth-or-gymdeithas\/\">https:\/\/www.hanesmon.org.uk\/aaswp\/aelodaeth-or-gymdeithas\/<\/a><\/em><\/p>\n\n\n\n<figure class=\"wp-block-gallery has-nested-images columns-default is-cropped wp-block-gallery-1 is-layout-flex wp-block-gallery-is-layout-flex\">\n<figure class=\"wp-block-image size-large\"><a href=\"https:\/\/www.hanesmon.org.uk\/aaswp\/newsletter\/\"><img loading=\"lazy\" decoding=\"async\" width=\"849\" height=\"1200\" data-id=\"2113\" src=\"https:\/\/www.hanesmon.org.uk\/aaswp\/wp-content\/uploads\/84-01-849x1200.jpg\" alt=\"Cover of Anglesey Antiquarian Society newsletter\" class=\"wp-image-2113\" srcset=\"https:\/\/www.hanesmon.org.uk\/aaswp\/wp-content\/uploads\/84-01-849x1200.jpg 849w, https:\/\/www.hanesmon.org.uk\/aaswp\/wp-content\/uploads\/84-01-212x300.jpg 212w, https:\/\/www.hanesmon.org.uk\/aaswp\/wp-content\/uploads\/84-01-768x1086.jpg 768w, https:\/\/www.hanesmon.org.uk\/aaswp\/wp-content\/uploads\/84-01-1087x1536.jpg 1087w, https:\/\/www.hanesmon.org.uk\/aaswp\/wp-content\/uploads\/84-01.jpg 1240w\" sizes=\"auto, (max-width: 849px) 100vw, 849px\" \/><\/a><figcaption class=\"wp-element-caption\">AAS Newsletter \/ Cylchlythyr<\/figcaption><\/figure>\n\n\n\n<figure class=\"wp-block-image size-large\"><a href=\"https:\/\/www.hanesmon.org.uk\/aaswp\/transactions\/\"><img loading=\"lazy\" decoding=\"async\" width=\"835\" height=\"1200\" data-id=\"2112\" src=\"https:\/\/www.hanesmon.org.uk\/aaswp\/wp-content\/uploads\/TAAS_2024-835x1200.jpg\" alt=\"Cover of Anglesey Antiquarian Society Transactions\" class=\"wp-image-2112\" srcset=\"https:\/\/www.hanesmon.org.uk\/aaswp\/wp-content\/uploads\/TAAS_2024-835x1200.jpg 835w, https:\/\/www.hanesmon.org.uk\/aaswp\/wp-content\/uploads\/TAAS_2024-209x300.jpg 209w, https:\/\/www.hanesmon.org.uk\/aaswp\/wp-content\/uploads\/TAAS_2024-768x1104.jpg 768w, https:\/\/www.hanesmon.org.uk\/aaswp\/wp-content\/uploads\/TAAS_2024-1068x1536.jpg 1068w, https:\/\/www.hanesmon.org.uk\/aaswp\/wp-content\/uploads\/TAAS_2024-1424x2048.jpg 1424w, https:\/\/www.hanesmon.org.uk\/aaswp\/wp-content\/uploads\/TAAS_2024-scaled.jpg 1781w\" sizes=\"auto, (max-width: 835px) 100vw, 835px\" \/><\/a><figcaption class=\"wp-element-caption\">AAS Transactions \/ Trafodion<\/figcaption><\/figure>\n\n\n\n<figure class=\"wp-block-image size-large\"><a href=\"https:\/\/www.hanesmon.org.uk\/aaswp\/studies-in-anglesey-history\/\"><img loading=\"lazy\" decoding=\"async\" width=\"799\" height=\"1200\" data-id=\"2111\" src=\"https:\/\/www.hanesmon.org.uk\/aaswp\/wp-content\/uploads\/Covers-799x1200.jpg\" alt=\"Covers of Anglesey Antiquarian Society books\" class=\"wp-image-2111\" srcset=\"https:\/\/www.hanesmon.org.uk\/aaswp\/wp-content\/uploads\/Covers-799x1200.jpg 799w, https:\/\/www.hanesmon.org.uk\/aaswp\/wp-content\/uploads\/Covers-200x300.jpg 200w, https:\/\/www.hanesmon.org.uk\/aaswp\/wp-content\/uploads\/Covers-768x1153.jpg 768w, https:\/\/www.hanesmon.org.uk\/aaswp\/wp-content\/uploads\/Covers-1023x1536.jpg 1023w, https:\/\/www.hanesmon.org.uk\/aaswp\/wp-content\/uploads\/Covers-1364x2048.jpg 1364w, https:\/\/www.hanesmon.org.uk\/aaswp\/wp-content\/uploads\/Covers-scaled.jpg 1705w\" sizes=\"auto, (max-width: 799px) 100vw, 799px\" \/><\/a><figcaption class=\"wp-element-caption\">AAS books \/ llyfrau<\/figcaption><\/figure>\n\n\n\n<figure class=\"wp-block-image size-large\"><a href=\"https:\/\/www.hanesmon.org.uk\/aaswp\/wp-content\/uploads\/507963929_122140889690627572_4637089835983711879_n.jpg\"><img loading=\"lazy\" decoding=\"async\" width=\"900\" height=\"1200\" data-id=\"2115\" src=\"https:\/\/www.hanesmon.org.uk\/aaswp\/wp-content\/uploads\/507963929_122140889690627572_4637089835983711879_n-900x1200.jpg\" alt=\"A group of AAS members walking to Llanbeulan church\" class=\"wp-image-2115\" srcset=\"https:\/\/www.hanesmon.org.uk\/aaswp\/wp-content\/uploads\/507963929_122140889690627572_4637089835983711879_n-900x1200.jpg 900w, https:\/\/www.hanesmon.org.uk\/aaswp\/wp-content\/uploads\/507963929_122140889690627572_4637089835983711879_n-225x300.jpg 225w, https:\/\/www.hanesmon.org.uk\/aaswp\/wp-content\/uploads\/507963929_122140889690627572_4637089835983711879_n-768x1024.jpg 768w, https:\/\/www.hanesmon.org.uk\/aaswp\/wp-content\/uploads\/507963929_122140889690627572_4637089835983711879_n-1152x1536.jpg 1152w, https:\/\/www.hanesmon.org.uk\/aaswp\/wp-content\/uploads\/507963929_122140889690627572_4637089835983711879_n.jpg 1536w\" sizes=\"auto, (max-width: 900px) 100vw, 900px\" \/><\/a><figcaption class=\"wp-element-caption\">Our recent excursion to Llanbeulan church \/ Ein taith ddiweddar i eglwys Llanbeulan<\/figcaption><\/figure>\n\n\n\n<figure class=\"wp-block-image size-large\"><a href=\"https:\/\/www.hanesmon.org.uk\/aaswp\/wp-content\/uploads\/498333764_122136787082627572_8180432875165783235_n.jpg\"><img loading=\"lazy\" decoding=\"async\" width=\"1600\" height=\"1200\" data-id=\"2114\" src=\"https:\/\/www.hanesmon.org.uk\/aaswp\/wp-content\/uploads\/498333764_122136787082627572_8180432875165783235_n-1600x1200.jpg\" alt=\"\" class=\"wp-image-2114\" srcset=\"https:\/\/www.hanesmon.org.uk\/aaswp\/wp-content\/uploads\/498333764_122136787082627572_8180432875165783235_n-1600x1200.jpg 1600w, https:\/\/www.hanesmon.org.uk\/aaswp\/wp-content\/uploads\/498333764_122136787082627572_8180432875165783235_n-300x225.jpg 300w, https:\/\/www.hanesmon.org.uk\/aaswp\/wp-content\/uploads\/498333764_122136787082627572_8180432875165783235_n-768x576.jpg 768w, https:\/\/www.hanesmon.org.uk\/aaswp\/wp-content\/uploads\/498333764_122136787082627572_8180432875165783235_n-1536x1152.jpg 1536w, https:\/\/www.hanesmon.org.uk\/aaswp\/wp-content\/uploads\/498333764_122136787082627572_8180432875165783235_n.jpg 2048w\" sizes=\"auto, (max-width: 1600px) 100vw, 1600px\" \/><\/a><figcaption class=\"wp-element-caption\">One of our evening talks \/ Un o&#8217;n sgyrsiau gyda&#8217;r nos<\/figcaption><\/figure>\n<\/figure>\n\n\n\n\n\n<hr class=\"wp-block-separator has-alpha-channel-opacity\"\/>\n\n\n\n<p><a href=\"https:\/\/www.facebook.com\/AngleseyAntiquarians\"><img loading=\"lazy\" decoding=\"async\" class=\"alignnone wp-image-2005 size-full\" src=\"https:\/\/www.hanesmon.org.uk\/aaswp\/wp-content\/uploads\/FBLogo.jpg\" alt=\"\" width=\"41\" height=\"44\"><\/a><a href=\"https:\/\/bsky.app\/profile\/antiquariansmon.bsky.social\"><img loading=\"lazy\" decoding=\"async\" class=\"wp-image-2006 size-full alignnone\" src=\"https:\/\/www.hanesmon.org.uk\/aaswp\/wp-content\/uploads\/BSLogo.jpg\" alt=\"\" width=\"40\" height=\"44\"><\/a>Follow us on <a href=\"https:\/\/www.facebook.com\/AngleseyAntiquarians\">Facebook<\/a> and <a href=\"https:\/\/bsky.app\/profile\/antiquariansmon.bsky.social\">Bluesky<\/a>.<\/p>\n\n\n\n<hr class=\"wp-block-separator has-alpha-channel-opacity\"\/>\n\n\n\n<p><em>Our website does not\u00a0<\/em><em>record payment or any personal details and does not collect user data.<\/em><br \/><em>All transaction information re payments for membership, publications, donations etc made via PayPal buttons is managed via PayPal.<\/em><\/p>\n<p>\u00a0<\/p>\n<div class=\"pdfprnt-buttons pdfprnt-buttons-page pdfprnt-bottom-right\"><a href=\"https:\/\/www.hanesmon.org.uk\/aaswp\/wp-json\/wp\/v2\/pages\/9?print=print\" class=\"pdfprnt-button pdfprnt-button-print\" target=\"_blank\" ><img decoding=\"async\" src=\"http:\/\/www.hanesmon.org.uk\/aaswp\/wp-content\/plugins\/pdf-print\/images\/print.png\" alt=\"image_print\" title=\"Print Content\" \/><span class=\"pdfprnt-button-title pdfprnt-button-print-title\">Printer Friendly<\/span><\/a><\/div>","protected":false},"excerpt":{"rendered":"<p>Welcome to the Anglesey Antiquarian Society websiteCroeso i wefan Cymdeithas Hynafiaethwyr M\u00f4n Founded in 1911, we are the leading historical and prehistorical group on Ynys M\u00f4n, promoting and protecting the past on behalf of Anglesey\u2019s future. Our members enjoy a programme of guided walks during the summer and evening talks during the winter. A newsletter &hellip; <\/p>\n","protected":false},"author":2,"featured_media":0,"parent":0,"menu_order":0,"comment_status":"closed","ping_status":"closed","template":"","meta":{"_mc_calendar":[],"footnotes":""},"class_list":["post-9","page","type-page","status-publish","hentry"],"_links":{"self":[{"href":"https:\/\/www.hanesmon.org.uk\/aaswp\/wp-json\/wp\/v2\/pages\/9","targetHints":{"allow":["GET"]}}],"collection":[{"href":"https:\/\/www.hanesmon.org.uk\/aaswp\/wp-json\/wp\/v2\/pages"}],"about":[{"href":"https:\/\/www.hanesmon.org.uk\/aaswp\/wp-json\/wp\/v2\/types\/page"}],"author":[{"embeddable":true,"href":"https:\/\/www.hanesmon.org.uk\/aaswp\/wp-json\/wp\/v2\/users\/2"}],"replies":[{"embeddable":true,"href":"https:\/\/www.hanesmon.org.uk\/aaswp\/wp-json\/wp\/v2\/comments?post=9"}],"version-history":[{"count":137,"href":"https:\/\/www.hanesmon.org.uk\/aaswp\/wp-json\/wp\/v2\/pages\/9\/revisions"}],"predecessor-version":[{"id":2141,"href":"https:\/\/www.hanesmon.org.uk\/aaswp\/wp-json\/wp\/v2\/pages\/9\/revisions\/2141"}],"wp:attachment":[{"href":"https:\/\/www.hanesmon.org.uk\/aaswp\/wp-json\/wp\/v2\/media?parent=9"}],"curies":[{"name":"wp","href":"https:\/\/api.w.org\/{rel}","templated":true}]}}