{"id":278,"date":"2018-06-17T19:34:47","date_gmt":"2018-06-17T18:34:47","guid":{"rendered":"http:\/\/www.hanesmon.org.uk\/aaswp\/?page_id=278"},"modified":"2018-06-17T19:34:47","modified_gmt":"2018-06-17T18:34:47","slug":"meetings-2016-17","status":"publish","type":"page","link":"https:\/\/www.hanesmon.org.uk\/aaswp\/meetings-2016-17\/","title":{"rendered":"Meetings 2016\/17"},"content":{"rendered":"<table class=\"fborder\" cellspacing=\"0\" cellpadding=\"0\">\n<tbody>\n<tr>\n<td>\n<div>\n<table class=\"fborder\" cellspacing=\"0\" cellpadding=\"0\">\n<tbody>\n<tr>\n<td class=\"forumheader3\">\n<div><strong class=\"bbcode bold\">Meetings Programme during 2016\/2017<\/strong><\/p>\n<p><span class=\"bbcode underline\">Friday 20 May, 2016<\/span> Tunnicliffe Room, Oriel Ynys M\u00f4n<br \/>\n7.00 pm. <strong class=\"bbcode bold\">AGM<\/strong><br \/>\n8.00 pm. <strong class=\"bbcode bold\">History of Halen M\u00f4n<\/strong>. Address by David Lea Wilson<\/p>\n<p><span class=\"bbcode underline\">Friday 23 September, 2016<\/span> &#8211; Tunnicliffe Room, Oriel Ynys M\u00f4n at 7.00 pm<br \/>\nJeremy Yates &#8211; Accompanying Artists: the True Eyes<\/p>\n<p><span class=\"bbcode underline\">Friday 21 October, 2016<\/span> &#8211; Tunnicliffe Room, Oriel Ynys M\u00f4n at 7.00 pm<br \/>\nDr Dhaun Evans &#8211; Mostyn: the creation of a North Wales dynasty, c1500-1700<\/p>\n<p><span class=\"bbcode underline\">Friday 18 November, 2016<\/span> &#8211; Tunnicliffe Room, Oriel Ynys M\u00f4n at 7.00 pm<br \/>\n<span class=\"bbcode underline\">Sir Ifor Williams Memorial Lecture<\/span> (Public lecture in Welsh &#8211; Free of charge)<br \/>\nDr Sara Elin Roberts &#8211; &#8220;Siasbar a Chymru?&#8221;<\/p>\n<p><span class=\"bbcode underline\">Friday 20 January, 2017<\/span> &#8211; Tunnicliffe Room, Oriel Ynys M\u00f4n at 7.00 pm<br \/>\nBob Daimond &#8211; The post road and the tolls<\/p>\n<p><span class=\"bbcode underline\">Friday 17 February, 2017<\/span> &#8211; Tunnicliffe Room, Oriel Ynys M\u00f4n at 7.00 pm<br \/>\nAnna Oisson-Rost &#8211; The development of Anglesey&#8217;s Secondary Education<\/p>\n<p><span class=\"bbcode underline\">Friday 17 March, 2017<\/span> &#8211; Tunnicliffe Room, Oriel Ynys M\u00f4n at 7.00 pm<br \/>\n<strong class=\"bbcode bold\">Pot Pourri<\/strong><br \/>\n1) Ashley Batten GAPS (Gwynedd Archaeological Planning Services) will speak about the archaeological work being carried out in advance of the Wylfa Newydd development.<br \/>\n2) Iwan Parry of Brython Archaeology will speak about the Early Christian Cemetery discovered on the path of the Llangefni By-pass.<br \/>\n3) Unfortunately the talk on the National Museum&#8217;s plan for an opera on life at the Court of Llywelyn the Great will not take place. But the two Late Bronze Age gold ornaments found recently in Anglesey will be on display in the lecture room and Frances Lynch will speak briefly about their background.<br \/>\nThere will be an interval for tea.<\/p>\n<p><span class=\"bbcode underline\">Friday 21 April, 2017<\/span> &#8211; Tunnicliffe Room, Oriel Ynys M\u00f4n at 7.00 pm<br \/>\nProf Tony Claydon &#8211; Swift and Defoe&#8217;s Disagreement about Anglesey.<\/p>\n<p><span class=\"bbcode underline\">Friday 12 May, 2017<\/span> Tunnicliffe Room, Oriel Ynys M\u00f4n (NB CHANGE OF DATE)<br \/>\n7.00 pm. <strong class=\"bbcode bold\">AGM<\/strong><br \/>\n8.00 pm. Prof Derec Llwyd Morgan &#8211; Sir Thomas Parry (1904-1985) and Three Anglesey National Eisteddfodau<\/div>\n<\/td>\n<\/tr>\n<\/tbody>\n<\/table>\n<\/div>\n<\/td>\n<\/tr>\n<\/tbody>\n<\/table>\n<div class=\"pdfprnt-buttons pdfprnt-buttons-page pdfprnt-bottom-right\"><a href=\"https:\/\/www.hanesmon.org.uk\/aaswp\/wp-json\/wp\/v2\/pages\/278?print=print\" class=\"pdfprnt-button pdfprnt-button-print\" target=\"_blank\" ><img decoding=\"async\" src=\"http:\/\/www.hanesmon.org.uk\/aaswp\/wp-content\/plugins\/pdf-print\/images\/print.png\" alt=\"image_print\" title=\"Print Content\" \/><span class=\"pdfprnt-button-title pdfprnt-button-print-title\">Printer Friendly<\/span><\/a><\/div>","protected":false},"excerpt":{"rendered":"<p>Meetings Programme during 2016\/2017 Friday 20 May, 2016 Tunnicliffe Room, Oriel Ynys M\u00f4n 7.00 pm. AGM 8.00 pm. History of Halen M\u00f4n. Address by David Lea Wilson Friday 23 September, 2016 &#8211; Tunnicliffe Room, Oriel Ynys M\u00f4n at 7.00 pm Jeremy Yates &#8211; Accompanying Artists: the True Eyes Friday 21 October, 2016 &#8211; Tunnicliffe Room, &hellip; <\/p>\n","protected":false},"author":2,"featured_media":0,"parent":0,"menu_order":0,"comment_status":"closed","ping_status":"closed","template":"","meta":{"_mc_calendar":[],"footnotes":""},"class_list":["post-278","page","type-page","status-publish","hentry"],"_links":{"self":[{"href":"https:\/\/www.hanesmon.org.uk\/aaswp\/wp-json\/wp\/v2\/pages\/278","targetHints":{"allow":["GET"]}}],"collection":[{"href":"https:\/\/www.hanesmon.org.uk\/aaswp\/wp-json\/wp\/v2\/pages"}],"about":[{"href":"https:\/\/www.hanesmon.org.uk\/aaswp\/wp-json\/wp\/v2\/types\/page"}],"author":[{"embeddable":true,"href":"https:\/\/www.hanesmon.org.uk\/aaswp\/wp-json\/wp\/v2\/users\/2"}],"replies":[{"embeddable":true,"href":"https:\/\/www.hanesmon.org.uk\/aaswp\/wp-json\/wp\/v2\/comments?post=278"}],"version-history":[{"count":1,"href":"https:\/\/www.hanesmon.org.uk\/aaswp\/wp-json\/wp\/v2\/pages\/278\/revisions"}],"predecessor-version":[{"id":279,"href":"https:\/\/www.hanesmon.org.uk\/aaswp\/wp-json\/wp\/v2\/pages\/278\/revisions\/279"}],"wp:attachment":[{"href":"https:\/\/www.hanesmon.org.uk\/aaswp\/wp-json\/wp\/v2\/media?parent=278"}],"curies":[{"name":"wp","href":"https:\/\/api.w.org\/{rel}","templated":true}]}}